{"id":925,"date":"2025-10-10T15:18:48","date_gmt":"2025-10-10T19:18:48","guid":{"rendered":"https:\/\/coupe-femina.enconstruction.website\/?post_type=product&#038;p=925"},"modified":"2025-10-10T15:18:48","modified_gmt":"2025-10-10T19:18:48","slug":"t-shirt-coupe-femina-femme-rose","status":"publish","type":"product","link":"https:\/\/www.coupe-femina.com\/en\/produit\/t-shirt-coupe-femina-femme-rose\/","title":{"rendered":"T-shirt Coupe Femina &#8211; Femme &#8211; Rose"},"content":{"rendered":"<ul>\n<li>En jersey 100 % polyester (6,3 oz) avec technologie contre la transpiration<\/li>\n<li>Manches courte<\/li>\n<li>Coutures lat\u00e9rales<\/li>\n<li>Col taill\u00e9 en &lt; V &gt;<\/li>\n<li>Coupe ajust\u00e9e<\/li>\n<li>Respirant<\/li>\n<\/ul>\n<p><strong>Couleur: <\/strong>Chandail rose ; logo <em><strong>Coupe Femina et April Marine<\/strong><\/em> blanc<\/p>\n","protected":false},"excerpt":{"rendered":"<p>En jersey 100 % polyester (6,3 oz) avec technologie contre la transpiration Manches courte Coutures lat\u00e9rales Col taill\u00e9 en &lt; V &gt; Coupe ajust\u00e9e Respirant Couleur: Chandail rose ; logo Coupe Femina et April Marine blanc<\/p>\n","protected":false},"featured_media":926,"template":"","meta":{"_acf_changed":false,"_seopress_robots_primary_cat":"","_seopress_titles_title":"","_seopress_titles_desc":"","_seopress_robots_index":"","inline_featured_image":false},"product_brand":[],"product_cat":[26],"product_tag":[],"class_list":{"0":"post-925","1":"product","2":"type-product","3":"status-publish","4":"has-post-thumbnail","6":"product_cat-gilets-pour-femmes","8":"first","9":"instock","10":"shipping-taxable","11":"purchasable","12":"product-type-simple"},"acf":[],"_links":{"self":[{"href":"https:\/\/www.coupe-femina.com\/en\/wp-json\/wp\/v2\/product\/925","targetHints":{"allow":["GET"]}}],"collection":[{"href":"https:\/\/www.coupe-femina.com\/en\/wp-json\/wp\/v2\/product"}],"about":[{"href":"https:\/\/www.coupe-femina.com\/en\/wp-json\/wp\/v2\/types\/product"}],"wp:featuredmedia":[{"embeddable":true,"href":"https:\/\/www.coupe-femina.com\/en\/wp-json\/wp\/v2\/media\/926"}],"wp:attachment":[{"href":"https:\/\/www.coupe-femina.com\/en\/wp-json\/wp\/v2\/media?parent=925"}],"wp:term":[{"taxonomy":"product_brand","embeddable":true,"href":"https:\/\/www.coupe-femina.com\/en\/wp-json\/wp\/v2\/product_brand?post=925"},{"taxonomy":"product_cat","embeddable":true,"href":"https:\/\/www.coupe-femina.com\/en\/wp-json\/wp\/v2\/product_cat?post=925"},{"taxonomy":"product_tag","embeddable":true,"href":"https:\/\/www.coupe-femina.com\/en\/wp-json\/wp\/v2\/product_tag?post=925"}],"curies":[{"name":"wp","href":"https:\/\/api.w.org\/{rel}","templated":true}]}}