{"id":818,"date":"2025-10-10T13:32:20","date_gmt":"2025-10-10T17:32:20","guid":{"rendered":"https:\/\/coupe-femina.enconstruction.website\/?post_type=product&#038;p=818"},"modified":"2025-10-10T13:32:20","modified_gmt":"2025-10-10T17:32:20","slug":"t-shirt-blanc-coupe-femina-2024-homme","status":"publish","type":"product","link":"https:\/\/www.coupe-femina.com\/en\/produit\/t-shirt-blanc-coupe-femina-2024-homme\/","title":{"rendered":"T-shirt Blanc COUPE FEMINA 2024- Homme"},"content":{"rendered":"<ul>\n<li>En jersey 100 % polyester (6,3 oz) avec technologie contre la transpiration<\/li>\n<li>Manches courte<\/li>\n<li>Coutures lat\u00e9rales<\/li>\n<li>Col rond<\/li>\n<li>Coupe ajust\u00e9e<\/li>\n<li>Respirant<\/li>\n<\/ul>\n<p><strong>Couleur:<\/strong>\u00a0Chandail blanc\u00a0; logo\u00a0Coupe Femina rose et Ville de L\u00e9vis au c\u0153ur, logo\u00a0April Marine \u00e9paule gauche et logo Formation Nautique Qu\u00e9bec \u00e9paule droite<\/p>\n","protected":false},"excerpt":{"rendered":"<p>En jersey 100 % polyester (6,3 oz) avec technologie contre la transpiration Manches courte Coutures lat\u00e9rales Col rond Coupe ajust\u00e9e Respirant Couleur:\u00a0Chandail blanc\u00a0; logo\u00a0Coupe Femina rose et Ville de L\u00e9vis au c\u0153ur, logo\u00a0April Marine \u00e9paule gauche et logo Formation Nautique Qu\u00e9bec \u00e9paule droite<\/p>\n","protected":false},"featured_media":819,"template":"","meta":{"_acf_changed":false,"_seopress_robots_primary_cat":"","_seopress_titles_title":"","_seopress_titles_desc":"","_seopress_robots_index":"","inline_featured_image":false},"product_brand":[],"product_cat":[27],"product_tag":[],"class_list":{"0":"post-818","1":"product","2":"type-product","3":"status-publish","4":"has-post-thumbnail","6":"product_cat-gilets-pour-hommes","8":"first","9":"instock","10":"shipping-taxable","11":"purchasable","12":"product-type-simple"},"acf":[],"_links":{"self":[{"href":"https:\/\/www.coupe-femina.com\/en\/wp-json\/wp\/v2\/product\/818","targetHints":{"allow":["GET"]}}],"collection":[{"href":"https:\/\/www.coupe-femina.com\/en\/wp-json\/wp\/v2\/product"}],"about":[{"href":"https:\/\/www.coupe-femina.com\/en\/wp-json\/wp\/v2\/types\/product"}],"wp:featuredmedia":[{"embeddable":true,"href":"https:\/\/www.coupe-femina.com\/en\/wp-json\/wp\/v2\/media\/819"}],"wp:attachment":[{"href":"https:\/\/www.coupe-femina.com\/en\/wp-json\/wp\/v2\/media?parent=818"}],"wp:term":[{"taxonomy":"product_brand","embeddable":true,"href":"https:\/\/www.coupe-femina.com\/en\/wp-json\/wp\/v2\/product_brand?post=818"},{"taxonomy":"product_cat","embeddable":true,"href":"https:\/\/www.coupe-femina.com\/en\/wp-json\/wp\/v2\/product_cat?post=818"},{"taxonomy":"product_tag","embeddable":true,"href":"https:\/\/www.coupe-femina.com\/en\/wp-json\/wp\/v2\/product_tag?post=818"}],"curies":[{"name":"wp","href":"https:\/\/api.w.org\/{rel}","templated":true}]}}