{"id":812,"date":"2025-10-10T13:23:50","date_gmt":"2025-10-10T17:23:50","guid":{"rendered":"https:\/\/coupe-femina.enconstruction.website\/?post_type=product&#038;p=812"},"modified":"2025-10-10T13:23:50","modified_gmt":"2025-10-10T17:23:50","slug":"casquette-tout-polyester-rose","status":"publish","type":"product","link":"https:\/\/www.coupe-femina.com\/en\/produit\/casquette-tout-polyester-rose\/","title":{"rendered":"Casquette tout polyester rose"},"content":{"rendered":"<ul>\n<li>6 panneaux \u00abForme Profonde Renforc\u00e9e\u00bb<\/li>\n<li>100% polyester<\/li>\n<li>Palette pr\u00e9-courb\u00e9e avec 6 rang\u00e9es de couture<\/li>\n<li>Attache arri\u00e8re ajustable en tissus<\/li>\n<\/ul>\n<p><span style=\"font-family: verdana;\"><b>Couleur:<\/b>\u00a06 panneaux roses avec logo\u00a0<em><strong>Coupe Femina<\/strong><\/em>\u00a0blanc<\/span><\/p>\n<p>\u200bTaille unique<\/p>\n","protected":false},"excerpt":{"rendered":"<p>6 panneaux \u00abForme Profonde Renforc\u00e9e\u00bb 100% polyester Palette pr\u00e9-courb\u00e9e avec 6 rang\u00e9es de couture Attache arri\u00e8re ajustable en tissus Couleur:\u00a06 panneaux roses avec logo\u00a0Coupe Femina\u00a0blanc \u200bTaille unique<\/p>\n","protected":false},"featured_media":813,"template":"","meta":{"_acf_changed":false,"_seopress_robots_primary_cat":"","_seopress_titles_title":"","_seopress_titles_desc":"","_seopress_robots_index":"","inline_featured_image":false},"product_brand":[],"product_cat":[25],"product_tag":[],"class_list":{"0":"post-812","1":"product","2":"type-product","3":"status-publish","4":"has-post-thumbnail","6":"product_cat-casquettes","8":"first","9":"instock","10":"shipping-taxable","11":"purchasable","12":"product-type-simple"},"acf":[],"_links":{"self":[{"href":"https:\/\/www.coupe-femina.com\/en\/wp-json\/wp\/v2\/product\/812","targetHints":{"allow":["GET"]}}],"collection":[{"href":"https:\/\/www.coupe-femina.com\/en\/wp-json\/wp\/v2\/product"}],"about":[{"href":"https:\/\/www.coupe-femina.com\/en\/wp-json\/wp\/v2\/types\/product"}],"wp:featuredmedia":[{"embeddable":true,"href":"https:\/\/www.coupe-femina.com\/en\/wp-json\/wp\/v2\/media\/813"}],"wp:attachment":[{"href":"https:\/\/www.coupe-femina.com\/en\/wp-json\/wp\/v2\/media?parent=812"}],"wp:term":[{"taxonomy":"product_brand","embeddable":true,"href":"https:\/\/www.coupe-femina.com\/en\/wp-json\/wp\/v2\/product_brand?post=812"},{"taxonomy":"product_cat","embeddable":true,"href":"https:\/\/www.coupe-femina.com\/en\/wp-json\/wp\/v2\/product_cat?post=812"},{"taxonomy":"product_tag","embeddable":true,"href":"https:\/\/www.coupe-femina.com\/en\/wp-json\/wp\/v2\/product_tag?post=812"}],"curies":[{"name":"wp","href":"https:\/\/api.w.org\/{rel}","templated":true}]}}