{"id":790,"date":"2025-10-10T12:20:08","date_gmt":"2025-10-10T16:20:08","guid":{"rendered":"https:\/\/coupe-femina.enconstruction.website\/?post_type=product&#038;p=790"},"modified":"2025-10-10T13:48:00","modified_gmt":"2025-10-10T17:48:00","slug":"casquette-tout-polyester-blanche","status":"publish","type":"product","link":"https:\/\/www.coupe-femina.com\/en\/produit\/casquette-tout-polyester-blanche\/","title":{"rendered":"Casquette tout polyester blanche"},"content":{"rendered":"<ul>\n<li>Polyester \u00ab\u00a0Rip Stop\u00a0\u00bb<\/li>\n<li>6 Panneaux \u00abForme Profonde Renforc\u00e9e\u00bb<\/li>\n<li>2 panneaux avant lamin\u00e9s et couture \u00abPro\u00bb<\/li>\n<li>Palette pr\u00e9-courb\u00e9e avec 8 rang\u00e9es de couture<\/li>\n<li>Attache arri\u00e8re en tissu avec fermeture velcro<\/li>\n<\/ul>\n<p><strong>Couleur:\u00a0<\/strong>Casquette blanche; logo\u00a0<strong><em>Coupe Femina<\/em><\/strong>\u00a0rose<\/p>\n<p>\u200bTaille unique<\/p>\n","protected":false},"excerpt":{"rendered":"<p>Polyester \u00ab\u00a0Rip Stop\u00a0\u00bb 6 Panneaux \u00abForme Profonde Renforc\u00e9e\u00bb 2 panneaux avant lamin\u00e9s et couture \u00abPro\u00bb Palette pr\u00e9-courb\u00e9e avec 8 rang\u00e9es de couture Attache arri\u00e8re en tissu avec fermeture velcro Couleur:\u00a0Casquette blanche; logo\u00a0Coupe Femina\u00a0rose \u200bTaille unique<\/p>\n","protected":false},"featured_media":791,"template":"","meta":{"_acf_changed":false,"_seopress_robots_primary_cat":"","_seopress_titles_title":"","_seopress_titles_desc":"","_seopress_robots_index":"","inline_featured_image":false},"product_brand":[],"product_cat":[25],"product_tag":[],"class_list":{"0":"post-790","1":"product","2":"type-product","3":"status-publish","4":"has-post-thumbnail","6":"product_cat-casquettes","8":"first","9":"instock","10":"shipping-taxable","11":"purchasable","12":"product-type-simple"},"acf":[],"_links":{"self":[{"href":"https:\/\/www.coupe-femina.com\/en\/wp-json\/wp\/v2\/product\/790","targetHints":{"allow":["GET"]}}],"collection":[{"href":"https:\/\/www.coupe-femina.com\/en\/wp-json\/wp\/v2\/product"}],"about":[{"href":"https:\/\/www.coupe-femina.com\/en\/wp-json\/wp\/v2\/types\/product"}],"wp:featuredmedia":[{"embeddable":true,"href":"https:\/\/www.coupe-femina.com\/en\/wp-json\/wp\/v2\/media\/791"}],"wp:attachment":[{"href":"https:\/\/www.coupe-femina.com\/en\/wp-json\/wp\/v2\/media?parent=790"}],"wp:term":[{"taxonomy":"product_brand","embeddable":true,"href":"https:\/\/www.coupe-femina.com\/en\/wp-json\/wp\/v2\/product_brand?post=790"},{"taxonomy":"product_cat","embeddable":true,"href":"https:\/\/www.coupe-femina.com\/en\/wp-json\/wp\/v2\/product_cat?post=790"},{"taxonomy":"product_tag","embeddable":true,"href":"https:\/\/www.coupe-femina.com\/en\/wp-json\/wp\/v2\/product_tag?post=790"}],"curies":[{"name":"wp","href":"https:\/\/api.w.org\/{rel}","templated":true}]}}