{"id":3276,"date":"2026-04-22T11:39:48","date_gmt":"2026-04-22T15:39:48","guid":{"rendered":"https:\/\/www.coupe-femina.com\/?page_id=3276"},"modified":"2026-04-22T11:47:49","modified_gmt":"2026-04-22T15:47:49","slug":"instructions-de-course","status":"publish","type":"page","link":"https:\/\/www.coupe-femina.com\/en\/instructions-de-course\/","title":{"rendered":"Instructions de course"},"content":{"rendered":"\t\t<div data-elementor-type=\"wp-page\" data-elementor-id=\"3276\" class=\"elementor elementor-3276\" data-elementor-post-type=\"page\">\n\t\t\t\t<div class=\"elementor-element elementor-element-e3b0640 e-flex e-con-boxed e-con e-parent\" data-id=\"e3b0640\" data-element_type=\"container\" data-e-type=\"container\" data-settings=\"{&quot;background_background&quot;:&quot;classic&quot;}\">\n\t\t\t\t\t<div class=\"e-con-inner\">\n\t\t\t\t<div class=\"elementor-element elementor-element-69860ac h1-banner elementor-widget elementor-widget-heading\" data-id=\"69860ac\" data-element_type=\"widget\" data-e-type=\"widget\" data-widget_type=\"heading.default\">\n\t\t\t\t\t<h1 class=\"elementor-heading-title elementor-size-default\"><span>Instructions et<\/span> documents<\/h1>\t\t\t\t<\/div>\n\t\t\t\t\t<\/div>\n\t\t\t\t<\/div>\n\t\t<div class=\"elementor-element elementor-element-aaa6e43 e-flex e-con-boxed e-con e-parent\" data-id=\"aaa6e43\" data-element_type=\"container\" data-e-type=\"container\">\n\t\t\t\t\t<div class=\"e-con-inner\">\n\t\t<div class=\"elementor-element elementor-element-37d296e e-con-full e-flex e-con e-child\" data-id=\"37d296e\" data-element_type=\"container\" data-e-type=\"container\" id=\"coupe-femina\" data-settings=\"{&quot;background_background&quot;:&quot;classic&quot;}\">\n\t\t\t\t<div class=\"elementor-element elementor-element-062c321 elementor-widget elementor-widget-heading\" data-id=\"062c321\" data-element_type=\"widget\" data-e-type=\"widget\" data-widget_type=\"heading.default\">\n\t\t\t\t\t<h2 class=\"elementor-heading-title elementor-size-default\">Coupe Femina<\/h2>\t\t\t\t<\/div>\n\t\t\t\t<div class=\"elementor-element elementor-element-64743cb elementor-widget-mobile__width-inherit elementor-widget elementor-widget-text-editor\" data-id=\"64743cb\" data-element_type=\"widget\" data-e-type=\"widget\" data-widget_type=\"text-editor.default\">\n\t\t\t\t\t\t\t\t\t<ul><li><a href=\"https:\/\/www.racingrulesofsailing.org\/documents\/179728\" target=\"_blank\" rel=\"noopener\">Liens des informations du public<\/a><\/li><li><a href=\"https:\/\/www.racingrulesofsailing.org\/documents\/179727\" target=\"_blank\" rel=\"noopener\">Signaux de course &#8211; S\u00e9quence de d\u00e9part<\/a><\/li><li><a href=\"https:\/\/www.racingrulesofsailing.org\/documents\/180438\" target=\"_blank\" rel=\"noopener\">Avis de coupe Coupe Femina<\/a><\/li><li><a href=\"https:\/\/www.racingrulesofsailing.org\/documents\/14227\/event\" target=\"_blank\" rel=\"noopener\">Tous les documents<\/a><\/li><\/ul>\t\t\t\t\t\t\t\t<\/div>\n\t\t\t\t<\/div>\n\t\t<div class=\"elementor-element elementor-element-43ffe03 e-con-full e-flex e-con e-child\" data-id=\"43ffe03\" data-element_type=\"container\" data-e-type=\"container\" id=\"femina-challenge\" data-settings=\"{&quot;background_background&quot;:&quot;classic&quot;}\">\n\t\t\t\t<div class=\"elementor-element elementor-element-1b37120 elementor-widget elementor-widget-heading\" data-id=\"1b37120\" data-element_type=\"widget\" data-e-type=\"widget\" data-widget_type=\"heading.default\">\n\t\t\t\t\t<h2 class=\"elementor-heading-title elementor-size-default\">Femina Challenge<\/h2>\t\t\t\t<\/div>\n\t\t\t\t<div class=\"elementor-element elementor-element-f3eedfb elementor-widget-mobile__width-inherit elementor-widget elementor-widget-text-editor\" data-id=\"f3eedfb\" data-element_type=\"widget\" data-e-type=\"widget\" data-widget_type=\"text-editor.default\">\n\t\t\t\t\t\t\t\t\t<ul><li><a href=\"https:\/\/www.racingrulesofsailing.org\/documents\/179728\" target=\"_blank\" rel=\"noopener\">Liens des informations du public<\/a><\/li><li><a href=\"https:\/\/www.racingrulesofsailing.org\/documents\/179727\" target=\"_blank\" rel=\"noopener\">Signaux de course &#8211; S\u00e9quence de d\u00e9part<\/a><\/li><li><a href=\"https:\/\/www.racingrulesofsailing.org\/documents\/179725\" target=\"_blank\" rel=\"noopener\">Annexe RV Reduced Visibility (Officiel en anglais) pour Femina Challenge<\/a><\/li><li><a href=\"https:\/\/www.racingrulesofsailing.org\/documents\/179724\" target=\"_blank\" rel=\"noopener\">Annexe RV (Traduction fran\u00e7aise) pour Femina Challenge<\/a><\/li><li><a href=\"https:\/\/www.racingrulesofsailing.org\/documents\/180437\" target=\"_blank\" rel=\"noopener\">Avis de coupe Femina Challenge<\/a><\/li><li><a href=\"https:\/\/www.racingrulesofsailing.org\/documents\/14227\/event\" target=\"_blank\" rel=\"noopener\">Tous les documents<\/a><\/li><\/ul>\t\t\t\t\t\t\t\t<\/div>\n\t\t\t\t<\/div>\n\t\t\t\t\t<\/div>\n\t\t\t\t<\/div>\n\t\t\t\t<\/div>\n\t\t","protected":false},"excerpt":{"rendered":"<p>Instructions et documents Coupe Femina Liens des informations du public Signaux de course &#8211; S\u00e9quence de d\u00e9part Avis de coupe Coupe Femina Tous les documents Femina Challenge Liens des informations du public Signaux de course &#8211; S\u00e9quence de d\u00e9part Annexe RV Reduced Visibility (Officiel en anglais) pour Femina Challenge Annexe RV (Traduction fran\u00e7aise) pour Femina &#8230; <a title=\"Instructions de course\" class=\"read-more\" href=\"https:\/\/www.coupe-femina.com\/en\/instructions-de-course\/\" aria-label=\"Read more about Instructions de course\">Read more<\/a><\/p>\n","protected":false},"author":1,"featured_media":0,"parent":0,"menu_order":0,"comment_status":"closed","ping_status":"closed","template":"","meta":{"_acf_changed":false,"_seopress_robots_primary_cat":"","_seopress_titles_title":"","_seopress_titles_desc":"","_seopress_robots_index":"","inline_featured_image":false,"footnotes":""},"class_list":["post-3276","page","type-page","status-publish"],"acf":[],"_links":{"self":[{"href":"https:\/\/www.coupe-femina.com\/en\/wp-json\/wp\/v2\/pages\/3276","targetHints":{"allow":["GET"]}}],"collection":[{"href":"https:\/\/www.coupe-femina.com\/en\/wp-json\/wp\/v2\/pages"}],"about":[{"href":"https:\/\/www.coupe-femina.com\/en\/wp-json\/wp\/v2\/types\/page"}],"author":[{"embeddable":true,"href":"https:\/\/www.coupe-femina.com\/en\/wp-json\/wp\/v2\/users\/1"}],"replies":[{"embeddable":true,"href":"https:\/\/www.coupe-femina.com\/en\/wp-json\/wp\/v2\/comments?post=3276"}],"version-history":[{"count":10,"href":"https:\/\/www.coupe-femina.com\/en\/wp-json\/wp\/v2\/pages\/3276\/revisions"}],"predecessor-version":[{"id":3289,"href":"https:\/\/www.coupe-femina.com\/en\/wp-json\/wp\/v2\/pages\/3276\/revisions\/3289"}],"wp:attachment":[{"href":"https:\/\/www.coupe-femina.com\/en\/wp-json\/wp\/v2\/media?parent=3276"}],"curies":[{"name":"wp","href":"https:\/\/api.w.org\/{rel}","templated":true}]}}