{"id":3020,"date":"2026-02-23T11:28:03","date_gmt":"2026-02-23T16:28:03","guid":{"rendered":"https:\/\/www.coupe-femina.com\/?page_id=3020"},"modified":"2026-04-23T17:51:53","modified_gmt":"2026-04-23T21:51:53","slug":"concours","status":"publish","type":"page","link":"https:\/\/www.coupe-femina.com\/en\/concours\/","title":{"rendered":"Concours"},"content":{"rendered":"\t\t<div data-elementor-type=\"wp-page\" data-elementor-id=\"3020\" class=\"elementor elementor-3020\" data-elementor-post-type=\"page\">\n\t\t\t\t<div class=\"elementor-element elementor-element-8cf455d e-flex e-con-boxed e-con e-parent\" data-id=\"8cf455d\" data-element_type=\"container\" data-e-type=\"container\" data-settings=\"{&quot;background_background&quot;:&quot;classic&quot;}\">\n\t\t\t\t\t<div class=\"e-con-inner\">\n\t\t\t\t<div class=\"elementor-element elementor-element-9b743f2 h1-banner elementor-widget elementor-widget-heading\" data-id=\"9b743f2\" data-element_type=\"widget\" data-e-type=\"widget\" data-widget_type=\"heading.default\">\n\t\t\t\t\t<h1 class=\"elementor-heading-title elementor-size-default\">Concours<\/h1>\t\t\t\t<\/div>\n\t\t\t\t\t<\/div>\n\t\t\t\t<\/div>\n\t\t<div class=\"elementor-element elementor-element-523b57c e-flex e-con-boxed e-con e-parent\" data-id=\"523b57c\" data-element_type=\"container\" data-e-type=\"container\">\n\t\t\t\t\t<div class=\"e-con-inner\">\n\t\t<div class=\"elementor-element elementor-element-a11d65d e-con-full e-flex e-con e-child\" data-id=\"a11d65d\" data-element_type=\"container\" data-e-type=\"container\">\n\t\t\t\t<div class=\"elementor-element elementor-element-ca995e2 elementor-widget elementor-widget-heading\" data-id=\"ca995e2\" data-element_type=\"widget\" data-e-type=\"widget\" data-widget_type=\"heading.default\">\n\t\t\t\t\t<h2 class=\"elementor-heading-title elementor-size-default\">Loto annuel 2026<\/h2>\t\t\t\t<\/div>\n\t\t\t\t<div class=\"elementor-element elementor-element-ea8e508 elementor-widget elementor-widget-text-editor\" data-id=\"ea8e508\" data-element_type=\"widget\" data-e-type=\"widget\" data-widget_type=\"text-editor.default\">\n\t\t\t\t\t\t\t\t\t<p>Pour avoir une chance de gagner gros tout en soutenant notre mission, participez \u00e0 notre tirage de financement de la Coupe Femina 2026! Votre participation n&rsquo;est pas seulement une chance de gagner des prix, elle joue \u00e9galement un r\u00f4le essentiel dans le soutien de notre mission. Chaque billet que vous achetez contribue directement \u00e0 nos efforts pour avoir un impact significatif sur notre communaut\u00e9. \ud83c\udf9f\ufe0f<\/p>\t\t\t\t\t\t\t\t<\/div>\n\t\t\t\t<\/div>\n\t\t\t\t<div class=\"elementor-element elementor-element-768d682 elementor-widget__width-initial elementor-widget elementor-widget-button\" data-id=\"768d682\" data-element_type=\"widget\" data-e-type=\"widget\" data-widget_type=\"button.default\">\n\t\t\t\t\t\t\t\t\t\t<a class=\"elementor-button elementor-button-link elementor-size-sm\" href=\"#formulaire-concours\">\n\t\t\t\t\t\t<span class=\"elementor-button-content-wrapper\">\n\t\t\t\t\t\t\t\t\t<span class=\"elementor-button-text\">Je soutiens Coupe Femina<\/span>\n\t\t\t\t\t<\/span>\n\t\t\t\t\t<\/a>\n\t\t\t\t\t\t\t\t<\/div>\n\t\t\t\t\t<\/div>\n\t\t\t\t<\/div>\n\t\t<div class=\"elementor-element elementor-element-e2320f5 e-flex e-con-boxed e-con e-parent\" data-id=\"e2320f5\" data-element_type=\"container\" data-e-type=\"container\">\n\t\t\t\t\t<div class=\"e-con-inner\">\n\t\t<div class=\"elementor-element elementor-element-0cdd243 e-con-full e-flex e-con e-child\" data-id=\"0cdd243\" data-element_type=\"container\" data-e-type=\"container\">\n\t\t\t\t<div class=\"elementor-element elementor-element-e10f11d elementor-widget elementor-widget-heading\" data-id=\"e10f11d\" data-element_type=\"widget\" data-e-type=\"widget\" data-widget_type=\"heading.default\">\n\t\t\t\t\t<h2 class=\"elementor-heading-title elementor-size-default\">Description des prix<\/h2>\t\t\t\t<\/div>\n\t\t\t\t<div class=\"elementor-element elementor-element-9f2fd10 elementor-widget elementor-widget-price-list\" data-id=\"9f2fd10\" data-element_type=\"widget\" data-e-type=\"widget\" data-widget_type=\"price-list.default\">\n\t\t\t\t\t\n\t\t<ul class=\"elementor-price-list\">\n\n\t\t\t\t\t\t\t\t\t<li class=\"elementor-price-list-item\">\t\t\t\t\n\t\t\t\t<div class=\"elementor-price-list-text\">\n\t\t\t\t\t\t\t\t\t<div class=\"elementor-price-list-header\">\n\t\t\t\t\t\t\t\t\t\t\t<span class=\"elementor-price-list-title\">\n\t\t\t\t\t\t\t1 Toile artiste peintre Joce Texier\t\t\t\t\t\t<\/span>\n\t\t\t\t\t\t\t\t\t\t\t\t\t\t\t\t\t\t<span class=\"elementor-price-list-separator\"><\/span>\n\t\t\t\t\t\t\t\t\t\t\t\t\t\t\t\t\t\t\t<span class=\"elementor-price-list-price\">$1350<\/span>\n\t\t\t\t\t\t\t\t\t\t<\/div>\n\t\t\t\t\t\t\t\t\t\t\t\t<\/div>\n\t\t\t\t<\/li>\t\t\t\t\t\t\t\t\t\t\t\t<li class=\"elementor-price-list-item\">\t\t\t\t\n\t\t\t\t<div class=\"elementor-price-list-text\">\n\t\t\t\t\t\t\t\t\t<div class=\"elementor-price-list-header\">\n\t\t\t\t\t\t\t\t\t\t\t<span class=\"elementor-price-list-title\">\n\t\t\t\t\t\t\t1 Toile artiste peintre Christian Roy\t\t\t\t\t\t<\/span>\n\t\t\t\t\t\t\t\t\t\t\t\t\t\t\t\t\t\t<span class=\"elementor-price-list-separator\"><\/span>\n\t\t\t\t\t\t\t\t\t\t\t\t\t\t\t\t\t\t\t<span class=\"elementor-price-list-price\">$ 850<\/span>\n\t\t\t\t\t\t\t\t\t\t<\/div>\n\t\t\t\t\t\t\t\t\t\t\t\t<\/div>\n\t\t\t\t<\/li>\t\t\t\t\t\t\t\t\t\t\t\t<li class=\"elementor-price-list-item\">\t\t\t\t\n\t\t\t\t<div class=\"elementor-price-list-text\">\n\t\t\t\t\t\t\t\t\t<div class=\"elementor-price-list-header\">\n\t\t\t\t\t\t\t\t\t\t\t<span class=\"elementor-price-list-title\">\n\t\t\t\t\t\t\t1 Nuit\u00e9e Germain H\u00f4tel Alt \u2013 Qu\u00e9bec\t\t\t\t\t\t<\/span>\n\t\t\t\t\t\t\t\t\t\t\t\t\t\t\t\t\t\t<span class=\"elementor-price-list-separator\"><\/span>\n\t\t\t\t\t\t\t\t\t\t\t\t\t\t\t\t\t\t\t<span class=\"elementor-price-list-price\">$ 500<\/span>\n\t\t\t\t\t\t\t\t\t\t<\/div>\n\t\t\t\t\t\t\t\t\t\t\t\t<\/div>\n\t\t\t\t<\/li>\t\t\t\t\t\t\t\t\t\t\t\t<li class=\"elementor-price-list-item\">\t\t\t\t\n\t\t\t\t<div class=\"elementor-price-list-text\">\n\t\t\t\t\t\t\t\t\t<div class=\"elementor-price-list-header\">\n\t\t\t\t\t\t\t\t\t\t\t<span class=\"elementor-price-list-title\">\n\t\t\t\t\t\t\t1 Nuit\u00e9e Germain H\u00f4tel Alt \u2013 Charlevoix\t\t\t\t\t\t<\/span>\n\t\t\t\t\t\t\t\t\t\t\t\t\t\t\t\t\t\t<span class=\"elementor-price-list-separator\"><\/span>\n\t\t\t\t\t\t\t\t\t\t\t\t\t\t\t\t\t\t\t<span class=\"elementor-price-list-price\">$ 500<\/span>\n\t\t\t\t\t\t\t\t\t\t<\/div>\n\t\t\t\t\t\t\t\t\t\t\t\t<\/div>\n\t\t\t\t<\/li>\t\t\t\t\t\t\t\t\t\t\t\t<li class=\"elementor-price-list-item\">\t\t\t\t\n\t\t\t\t<div class=\"elementor-price-list-text\">\n\t\t\t\t\t\t\t\t\t<div class=\"elementor-price-list-header\">\n\t\t\t\t\t\t\t\t\t\t\t<span class=\"elementor-price-list-title\">\n\t\t\t\t\t\t\t3x Compas de rel\u00e8vement\t\t\t\t\t\t<\/span>\n\t\t\t\t\t\t\t\t\t\t\t\t\t\t\t\t\t\t<span class=\"elementor-price-list-separator\"><\/span>\n\t\t\t\t\t\t\t\t\t\t\t\t\t\t\t\t\t\t\t<span class=\"elementor-price-list-price\">$ 168 ch.<\/span>\n\t\t\t\t\t\t\t\t\t\t<\/div>\n\t\t\t\t\t\t\t\t\t\t\t\t<\/div>\n\t\t\t\t<\/li>\t\t\t\t\t\t\t\t\t\t\t\t<li class=\"elementor-price-list-item\">\t\t\t\t\n\t\t\t\t<div class=\"elementor-price-list-text\">\n\t\t\t\t\t\t\t\t\t<div class=\"elementor-price-list-header\">\n\t\t\t\t\t\t\t\t\t\t\t<span class=\"elementor-price-list-title\">\n\t\t\t\t\t\t\t2x Paires de jumelles\t\t\t\t\t\t<\/span>\n\t\t\t\t\t\t\t\t\t\t\t\t\t\t\t\t\t\t<span class=\"elementor-price-list-separator\"><\/span>\n\t\t\t\t\t\t\t\t\t\t\t\t\t\t\t\t\t\t\t<span class=\"elementor-price-list-price\">$ 165 ch.<\/span>\n\t\t\t\t\t\t\t\t\t\t<\/div>\n\t\t\t\t\t\t\t\t\t\t\t\t<\/div>\n\t\t\t\t<\/li>\t\t\t\t\t\t\t\t\t\t\t\t<li class=\"elementor-price-list-item\">\t\t\t\t\n\t\t\t\t<div class=\"elementor-price-list-text\">\n\t\t\t\t\t\t\t\t\t<div class=\"elementor-price-list-header\">\n\t\t\t\t\t\t\t\t\t\t\t<span class=\"elementor-price-list-title\">\n\t\t\t\t\t\t\t1 Outil multi fonction\t\t\t\t\t\t<\/span>\n\t\t\t\t\t\t\t\t\t\t\t\t\t\t\t\t\t\t<span class=\"elementor-price-list-separator\"><\/span>\n\t\t\t\t\t\t\t\t\t\t\t\t\t\t\t\t\t\t\t<span class=\"elementor-price-list-price\">$ 50 ch.<\/span>\n\t\t\t\t\t\t\t\t\t\t<\/div>\n\t\t\t\t\t\t\t\t\t\t\t\t<\/div>\n\t\t\t\t<\/li>\t\t\t\t\t\t\t\t\t\t\t\t<li class=\"elementor-price-list-item\">\t\t\t\t\n\t\t\t\t<div class=\"elementor-price-list-text\">\n\t\t\t\t\t\t\t\t\t<div class=\"elementor-price-list-header\">\n\t\t\t\t\t\t\t\t\t\t\t<span class=\"elementor-price-list-title\">\n\t\t\t\t\t\t\t3x Lampe flash automatique\t\t\t\t\t\t<\/span>\n\t\t\t\t\t\t\t\t\t\t\t\t\t\t\t\t\t\t<span class=\"elementor-price-list-separator\"><\/span>\n\t\t\t\t\t\t\t\t\t\t\t\t\t\t\t\t\t\t\t<span class=\"elementor-price-list-price\">$ 25 ch.<\/span>\n\t\t\t\t\t\t\t\t\t\t<\/div>\n\t\t\t\t\t\t\t\t\t\t\t\t<\/div>\n\t\t\t\t<\/li>\t\t\t\t\t\n\t\t<\/ul>\n\n\t\t\t\t\t\t<\/div>\n\t\t<div class=\"elementor-element elementor-element-0e19eb7 e-con-full e-flex e-con e-child\" data-id=\"0e19eb7\" data-element_type=\"container\" data-e-type=\"container\">\n\t\t\t\t<div class=\"elementor-element elementor-element-eb03ad8 elementor-widget elementor-widget-heading\" data-id=\"eb03ad8\" data-element_type=\"widget\" data-e-type=\"widget\" data-widget_type=\"heading.default\">\n\t\t\t\t\t<h2 class=\"elementor-heading-title elementor-size-default\">Nos partenaires<\/h2>\t\t\t\t<\/div>\n\t\t<div class=\"elementor-element elementor-element-188214f e-con-full e-flex e-con e-child\" data-id=\"188214f\" data-element_type=\"container\" data-e-type=\"container\">\n\t\t\t\t<div class=\"elementor-element elementor-element-ed13518 elementor-widget elementor-widget-image\" data-id=\"ed13518\" data-element_type=\"widget\" data-e-type=\"widget\" data-widget_type=\"image.default\">\n\t\t\t\t\t\t\t\t\t\t\t\t\t\t\t<img decoding=\"async\" src=\"https:\/\/static.wixstatic.com\/media\/e688db_a751c6bcf6b846048ad2e619b3f3e735~mv2.png\/v1\/crop\/x_0,y_215,w_1000,h_562\/fill\/w_211,h_119,al_c,q_85,usm_0.66_1.00_0.01,enc_avif,quality_auto\/Joce.png\" title=\"\" alt=\"\" loading=\"lazy\" \/>\t\t\t\t\t\t\t\t\t\t\t\t\t\t\t<\/div>\n\t\t\t\t<div class=\"elementor-element elementor-element-3e79768 elementor-widget elementor-widget-image\" data-id=\"3e79768\" data-element_type=\"widget\" data-e-type=\"widget\" data-widget_type=\"image.default\">\n\t\t\t\t\t\t\t\t\t\t\t\t\t\t\t<img decoding=\"async\" src=\"https:\/\/prodfmb.blob.core.windows.net\/images-6743e4a8026a6fb77f226fb1\/6743e4a9026a6fb77f226fbb\" title=\"\" alt=\"\" loading=\"lazy\" \/>\t\t\t\t\t\t\t\t\t\t\t\t\t\t\t<\/div>\n\t\t\t\t<div class=\"elementor-element elementor-element-11e4b87 elementor-widget elementor-widget-image\" data-id=\"11e4b87\" data-element_type=\"widget\" data-e-type=\"widget\" data-widget_type=\"image.default\">\n\t\t\t\t\t\t\t\t\t\t\t\t\t\t\t<img fetchpriority=\"high\" decoding=\"async\" width=\"2560\" height=\"264\" src=\"https:\/\/www.coupe-femina.com\/wp-content\/uploads\/2026\/02\/gh-groupelogos-rgb-noir-scaled.png\" class=\"attachment-full size-full wp-image-3059\" alt=\"GH_Groupe_Logos\" srcset=\"https:\/\/www.coupe-femina.com\/wp-content\/uploads\/2026\/02\/gh-groupelogos-rgb-noir-scaled.png 2560w, https:\/\/www.coupe-femina.com\/wp-content\/uploads\/2026\/02\/gh-groupelogos-rgb-noir-300x31.png 300w, https:\/\/www.coupe-femina.com\/wp-content\/uploads\/2026\/02\/gh-groupelogos-rgb-noir-1024x106.png 1024w, https:\/\/www.coupe-femina.com\/wp-content\/uploads\/2026\/02\/gh-groupelogos-rgb-noir-768x79.png 768w, https:\/\/www.coupe-femina.com\/wp-content\/uploads\/2026\/02\/gh-groupelogos-rgb-noir-1536x158.png 1536w, https:\/\/www.coupe-femina.com\/wp-content\/uploads\/2026\/02\/gh-groupelogos-rgb-noir-2048x211.png 2048w, https:\/\/www.coupe-femina.com\/wp-content\/uploads\/2026\/02\/gh-groupelogos-rgb-noir-600x62.png 600w\" sizes=\"(max-width: 2560px) 100vw, 2560px\" \/>\t\t\t\t\t\t\t\t\t\t\t\t\t\t\t<\/div>\n\t\t\t\t<div class=\"elementor-element elementor-element-ad69536 elementor-widget elementor-widget-image\" data-id=\"ad69536\" data-element_type=\"widget\" data-e-type=\"widget\" data-widget_type=\"image.default\">\n\t\t\t\t\t\t\t\t\t\t\t\t\t\t\t<img decoding=\"async\" width=\"1417\" height=\"827\" src=\"https:\/\/www.coupe-femina.com\/wp-content\/uploads\/2026\/02\/logo2014-ed-couleur.jpg\" class=\"attachment-full size-full wp-image-3060\" alt=\"Logo Plastimo\" srcset=\"https:\/\/www.coupe-femina.com\/wp-content\/uploads\/2026\/02\/logo2014-ed-couleur.jpg 1417w, https:\/\/www.coupe-femina.com\/wp-content\/uploads\/2026\/02\/logo2014-ed-couleur-300x175.jpg 300w, https:\/\/www.coupe-femina.com\/wp-content\/uploads\/2026\/02\/logo2014-ed-couleur-1024x598.jpg 1024w, https:\/\/www.coupe-femina.com\/wp-content\/uploads\/2026\/02\/logo2014-ed-couleur-768x448.jpg 768w, https:\/\/www.coupe-femina.com\/wp-content\/uploads\/2026\/02\/logo2014-ed-couleur-600x350.jpg 600w\" sizes=\"(max-width: 1417px) 100vw, 1417px\" \/>\t\t\t\t\t\t\t\t\t\t\t\t\t\t\t<\/div>\n\t\t\t\t<\/div>\n\t\t\t\t<\/div>\n\t\t\t\t<\/div>\n\t\t\t\t\t<\/div>\n\t\t\t\t<\/div>\n\t\t<div class=\"elementor-element elementor-element-b298f84 e-flex e-con-boxed e-con e-parent\" data-id=\"b298f84\" data-element_type=\"container\" data-e-type=\"container\" data-settings=\"{&quot;background_background&quot;:&quot;classic&quot;}\">\n\t\t\t\t\t<div class=\"e-con-inner\">\n\t\t\t\t<div class=\"elementor-element elementor-element-f82e941 elementor-widget elementor-widget-text-editor\" data-id=\"f82e941\" data-element_type=\"widget\" data-e-type=\"widget\" data-widget_type=\"text-editor.default\">\n\t\t\t\t\t\t\t\t\t<p>Nous vous remercions de votre soutien. Chaque contribution, petite ou grande, fait une diff\u00e9rence significative. \u2728<\/p>\t\t\t\t\t\t\t\t<\/div>\n\t\t\t\t\t<\/div>\n\t\t\t\t<\/div>\n\t\t<div class=\"elementor-element elementor-element-5623cfc e-con-full e-flex e-con e-parent\" data-id=\"5623cfc\" data-element_type=\"container\" data-e-type=\"container\" id=\"formulaire-concours\">\n\t\t\t\t<div class=\"elementor-element elementor-element-a3961b0 elementor-widget elementor-widget-html\" data-id=\"a3961b0\" data-element_type=\"widget\" data-e-type=\"widget\" data-widget_type=\"html.default\">\n\t\t\t\t\t<iframe title='Donation form powered by Zeffy' style=\"position: absolute; border: 0; top:0;left:0;bottom:0;right:0;width:100%;height:100%\" src='https:\/\/www.zeffy.com\/embed\/ticketing\/loto-annuel-2026-de-coupe-femina' allowpaymentrequest allowTransparency=\"true\"><\/iframe>\t\t\t\t<\/div>\n\t\t\t\t<\/div>\n\t\t\t\t<\/div>\n\t\t","protected":false},"excerpt":{"rendered":"<p>Concours Loto annuel 2026 Pour avoir une chance de gagner gros tout en soutenant notre mission, participez \u00e0 notre tirage de financement de la Coupe Femina 2026! Votre participation n&rsquo;est pas seulement une chance de gagner des prix, elle joue \u00e9galement un r\u00f4le essentiel dans le soutien de notre mission. Chaque billet que vous achetez &#8230; <a title=\"Concours\" class=\"read-more\" href=\"https:\/\/www.coupe-femina.com\/en\/concours\/\" aria-label=\"Read more about Concours\">Read more<\/a><\/p>\n","protected":false},"author":1,"featured_media":0,"parent":0,"menu_order":0,"comment_status":"closed","ping_status":"closed","template":"","meta":{"_acf_changed":false,"_seopress_robots_primary_cat":"","_seopress_titles_title":"","_seopress_titles_desc":"","_seopress_robots_index":"","inline_featured_image":false,"footnotes":""},"class_list":["post-3020","page","type-page","status-publish"],"acf":[],"_links":{"self":[{"href":"https:\/\/www.coupe-femina.com\/en\/wp-json\/wp\/v2\/pages\/3020","targetHints":{"allow":["GET"]}}],"collection":[{"href":"https:\/\/www.coupe-femina.com\/en\/wp-json\/wp\/v2\/pages"}],"about":[{"href":"https:\/\/www.coupe-femina.com\/en\/wp-json\/wp\/v2\/types\/page"}],"author":[{"embeddable":true,"href":"https:\/\/www.coupe-femina.com\/en\/wp-json\/wp\/v2\/users\/1"}],"replies":[{"embeddable":true,"href":"https:\/\/www.coupe-femina.com\/en\/wp-json\/wp\/v2\/comments?post=3020"}],"version-history":[{"count":55,"href":"https:\/\/www.coupe-femina.com\/en\/wp-json\/wp\/v2\/pages\/3020\/revisions"}],"predecessor-version":[{"id":3296,"href":"https:\/\/www.coupe-femina.com\/en\/wp-json\/wp\/v2\/pages\/3020\/revisions\/3296"}],"wp:attachment":[{"href":"https:\/\/www.coupe-femina.com\/en\/wp-json\/wp\/v2\/media?parent=3020"}],"curies":[{"name":"wp","href":"https:\/\/api.w.org\/{rel}","templated":true}]}}