{"id":2413,"date":"2025-11-21T14:55:57","date_gmt":"2025-11-21T19:55:57","guid":{"rendered":"https:\/\/coupe-femina.enconstruction.website\/?page_id=2413"},"modified":"2026-01-07T09:53:28","modified_gmt":"2026-01-07T14:53:28","slug":"dons","status":"publish","type":"page","link":"https:\/\/www.coupe-femina.com\/en\/dons\/","title":{"rendered":"Dons"},"content":{"rendered":"\t\t<div data-elementor-type=\"wp-page\" data-elementor-id=\"2413\" class=\"elementor elementor-2413\" data-elementor-post-type=\"page\">\n\t\t\t\t<div class=\"elementor-element elementor-element-79832a6 e-flex e-con-boxed e-con e-parent\" data-id=\"79832a6\" data-element_type=\"container\" data-e-type=\"container\" data-settings=\"{&quot;background_background&quot;:&quot;classic&quot;}\">\n\t\t\t\t\t<div class=\"e-con-inner\">\n\t\t\t\t<div class=\"elementor-element elementor-element-5bbbf26 h1-banner elementor-widget elementor-widget-heading\" data-id=\"5bbbf26\" data-element_type=\"widget\" data-e-type=\"widget\" data-widget_type=\"heading.default\">\n\t\t\t\t\t<h1 class=\"elementor-heading-title elementor-size-default\">Vos dons<\/h1>\t\t\t\t<\/div>\n\t\t\t\t\t<\/div>\n\t\t\t\t<\/div>\n\t\t<div class=\"elementor-element elementor-element-ba37364 e-flex e-con-boxed e-con e-parent\" data-id=\"ba37364\" data-element_type=\"container\" data-e-type=\"container\">\n\t\t\t\t\t<div class=\"e-con-inner\">\n\t\t<div class=\"elementor-element elementor-element-737ca42 e-con-full e-flex e-con e-child\" data-id=\"737ca42\" data-element_type=\"container\" data-e-type=\"container\">\n\t\t\t\t<div class=\"elementor-element elementor-element-f0a32f2 elementor-widget elementor-widget-text-editor\" data-id=\"f0a32f2\" data-element_type=\"widget\" data-e-type=\"widget\" data-widget_type=\"text-editor.default\">\n\t\t\t\t\t\t\t\t\t<p>Depuis janvier 2017, Coupe Femina est un OBNL faisant la promotion de la voile au f\u00e9minin.<\/p>\t\t\t\t\t\t\t\t<\/div>\n\t\t\t\t<div class=\"elementor-element elementor-element-a8b3511 elementor-widget elementor-widget-heading\" data-id=\"a8b3511\" data-element_type=\"widget\" data-e-type=\"widget\" data-widget_type=\"heading.default\">\n\t\t\t\t\t<h2 class=\"elementor-heading-title elementor-size-default\">Fa\u00eetes un don et contribuez au succ\u00e8s de Coupe Femina<\/h2>\t\t\t\t<\/div>\n\t\t\t\t<div class=\"elementor-element elementor-element-544b0c7 elementor-widget elementor-widget-text-editor\" data-id=\"544b0c7\" data-element_type=\"widget\" data-e-type=\"widget\" data-widget_type=\"text-editor.default\">\n\t\t\t\t\t\t\t\t\t<p>Soutenez la rel\u00e8ve et l\u2019excellence f\u00e9minine en voile !<\/p>\t\t\t\t\t\t\t\t<\/div>\n\t\t\t\t<\/div>\n\t\t\t\t<div class=\"elementor-element elementor-element-634f5d0 elementor-widget__width-initial elementor-widget elementor-widget-button\" data-id=\"634f5d0\" data-element_type=\"widget\" data-e-type=\"widget\" data-widget_type=\"button.default\">\n\t\t\t\t\t\t\t\t\t\t<a class=\"elementor-button elementor-button-link elementor-size-sm\" href=\"#formulaire-dons\">\n\t\t\t\t\t\t<span class=\"elementor-button-content-wrapper\">\n\t\t\t\t\t\t\t\t\t<span class=\"elementor-button-text\">Je soutiens Coupe Femina<\/span>\n\t\t\t\t\t<\/span>\n\t\t\t\t\t<\/a>\n\t\t\t\t\t\t\t\t<\/div>\n\t\t\t\t\t<\/div>\n\t\t\t\t<\/div>\n\t\t<div class=\"elementor-element elementor-element-e06018d e-flex e-con-boxed e-con e-parent\" data-id=\"e06018d\" data-element_type=\"container\" data-e-type=\"container\" data-settings=\"{&quot;background_background&quot;:&quot;classic&quot;}\">\n\t\t\t\t\t<div class=\"e-con-inner\">\n\t\t\t\t<div class=\"elementor-element elementor-element-e452648 elementor-widget elementor-widget-text-editor\" data-id=\"e452648\" data-element_type=\"widget\" data-e-type=\"widget\" data-widget_type=\"text-editor.default\">\n\t\t\t\t\t\t\t\t\t<p>La <strong>Coupe FEMINA<\/strong> c\u00e9l\u00e8bre sa onzi\u00e8me ann\u00e9e d\u2019engagement \u00e0 promouvoir la voile au f\u00e9minin et \u00e0 inspirer les g\u00e9n\u00e9rations futures.<\/p><p>Afin de\u00a0poursuivre cette mission essentielle, nous poursuivons notre campagne de collecte de dons afin de soutenir nos initiatives phares : le FEMINA Jeunesse, qui offre aux jeunes filles une premi\u00e8re exp\u00e9rience en voile, et le FEMINA Challenge, qui pousse les \u00e9quipages f\u00e9minins \u00e0 se d\u00e9passer dans des d\u00e9fis de haut niveau.<\/p><p>Chaque contribution permet d\u2019\u00e9largir l\u2019acc\u00e8s \u00e0 la voile, de former la rel\u00e8ve et de renforcer la pr\u00e9sence des femmes dans ce sport passionnant.<\/p>\t\t\t\t\t\t\t\t<\/div>\n\t\t\t\t\t<\/div>\n\t\t\t\t<\/div>\n\t\t<div class=\"elementor-element elementor-element-2a685c6 e-flex e-con-boxed e-con e-parent\" data-id=\"2a685c6\" data-element_type=\"container\" data-e-type=\"container\">\n\t\t\t\t\t<div class=\"e-con-inner\">\n\t\t\t\t<div class=\"elementor-element elementor-element-6356da3 elementor-widget__width-initial elementor-widget elementor-widget-button\" data-id=\"6356da3\" data-element_type=\"widget\" data-e-type=\"widget\" data-widget_type=\"button.default\">\n\t\t\t\t\t\t\t\t\t\t<a class=\"elementor-button elementor-button-link elementor-size-sm\" href=\"#formulaire-dons\">\n\t\t\t\t\t\t<span class=\"elementor-button-content-wrapper\">\n\t\t\t\t\t\t\t\t\t<span class=\"elementor-button-text\">Je soutiens Coupe Femina<\/span>\n\t\t\t\t\t<\/span>\n\t\t\t\t\t<\/a>\n\t\t\t\t\t\t\t\t<\/div>\n\t\t<div class=\"elementor-element elementor-element-f4871c5 e-con-full e-flex e-con e-child\" data-id=\"f4871c5\" data-element_type=\"container\" data-e-type=\"container\">\n\t\t\t\t<div class=\"elementor-element elementor-element-a2b0154 elementor-widget elementor-widget-text-editor\" data-id=\"a2b0154\" data-element_type=\"widget\" data-e-type=\"widget\" data-widget_type=\"text-editor.default\">\n\t\t\t\t\t\t\t\t\t<p>Votre don fera toute la diff\u00e9rence.<\/p>\t\t\t\t\t\t\t\t<\/div>\n\t\t\t\t<div class=\"elementor-element elementor-element-c33bbec elementor-widget elementor-widget-heading\" data-id=\"c33bbec\" data-element_type=\"widget\" data-e-type=\"widget\" data-widget_type=\"heading.default\">\n\t\t\t\t\t<h2 class=\"elementor-heading-title elementor-size-default\">Embarquez avec nous et faites une diff\u00e9rence d\u00e8s aujourd\u2019hui !<\/h2>\t\t\t\t<\/div>\n\t\t\t\t<\/div>\n\t\t\t\t\t<\/div>\n\t\t\t\t<\/div>\n\t\t<div class=\"elementor-element elementor-element-dc0de9e e-con-full e-flex e-con e-parent\" data-id=\"dc0de9e\" data-element_type=\"container\" data-e-type=\"container\" id=\"formulaire-dons\">\n\t\t\t\t<div class=\"elementor-element elementor-element-6525782 elementor-widget elementor-widget-html\" data-id=\"6525782\" data-element_type=\"widget\" data-e-type=\"widget\" data-widget_type=\"html.default\">\n\t\t\t\t\t<iframe title=\"Donation form powered by Zeffy\" style=\"position: absolute; border: 0; top:0;left:0;bottom:0;right:0;width:100%;height:100%\" src=\"https:\/\/www.zeffy.com\/fr-CA\/embed\/donation-form\/47933d57-3239-4d1c-9ab2-887ced9aadfa?cachebust=1765222247169\" allowpaymentrequest=\"\" allowtransparency=\"true\"><\/iframe>\t\t\t\t<\/div>\n\t\t\t\t<\/div>\n\t\t\t\t<\/div>\n\t\t","protected":false},"excerpt":{"rendered":"<p>Vos dons Depuis janvier 2017, Coupe Femina est un OBNL faisant la promotion de la voile au f\u00e9minin. Fa\u00eetes un don et contribuez au succ\u00e8s de Coupe Femina Soutenez la rel\u00e8ve et l\u2019excellence f\u00e9minine en voile ! Je soutiens Coupe Femina La Coupe FEMINA c\u00e9l\u00e8bre sa onzi\u00e8me ann\u00e9e d\u2019engagement \u00e0 promouvoir la voile au f\u00e9minin &#8230; <a title=\"Dons\" class=\"read-more\" href=\"https:\/\/www.coupe-femina.com\/en\/dons\/\" aria-label=\"Read more about Dons\">Read more<\/a><\/p>\n","protected":false},"author":1,"featured_media":0,"parent":0,"menu_order":0,"comment_status":"closed","ping_status":"closed","template":"","meta":{"_acf_changed":false,"_seopress_robots_primary_cat":"","_seopress_titles_title":"","_seopress_titles_desc":"","_seopress_robots_index":"","inline_featured_image":false,"footnotes":""},"class_list":["post-2413","page","type-page","status-publish"],"acf":[],"_links":{"self":[{"href":"https:\/\/www.coupe-femina.com\/en\/wp-json\/wp\/v2\/pages\/2413","targetHints":{"allow":["GET"]}}],"collection":[{"href":"https:\/\/www.coupe-femina.com\/en\/wp-json\/wp\/v2\/pages"}],"about":[{"href":"https:\/\/www.coupe-femina.com\/en\/wp-json\/wp\/v2\/types\/page"}],"author":[{"embeddable":true,"href":"https:\/\/www.coupe-femina.com\/en\/wp-json\/wp\/v2\/users\/1"}],"replies":[{"embeddable":true,"href":"https:\/\/www.coupe-femina.com\/en\/wp-json\/wp\/v2\/comments?post=2413"}],"version-history":[{"count":31,"href":"https:\/\/www.coupe-femina.com\/en\/wp-json\/wp\/v2\/pages\/2413\/revisions"}],"predecessor-version":[{"id":2829,"href":"https:\/\/www.coupe-femina.com\/en\/wp-json\/wp\/v2\/pages\/2413\/revisions\/2829"}],"wp:attachment":[{"href":"https:\/\/www.coupe-femina.com\/en\/wp-json\/wp\/v2\/media?parent=2413"}],"curies":[{"name":"wp","href":"https:\/\/api.w.org\/{rel}","templated":true}]}}