{"id":2063,"date":"2025-11-17T14:45:54","date_gmt":"2025-11-17T19:45:54","guid":{"rendered":"https:\/\/coupe-femina.enconstruction.website\/?page_id=2063"},"modified":"2025-12-15T13:19:38","modified_gmt":"2025-12-15T18:19:38","slug":"femina-challenge","status":"publish","type":"page","link":"https:\/\/www.coupe-femina.com\/en\/organisation\/femina-challenge\/","title":{"rendered":"Femina Challenge"},"content":{"rendered":"\t\t<div data-elementor-type=\"wp-page\" data-elementor-id=\"2063\" class=\"elementor elementor-2063\" data-elementor-post-type=\"page\">\n\t\t\t\t<div class=\"elementor-element elementor-element-2927658 e-flex e-con-boxed e-con e-parent\" data-id=\"2927658\" data-element_type=\"container\" data-e-type=\"container\" data-settings=\"{&quot;background_background&quot;:&quot;classic&quot;}\">\n\t\t\t\t\t<div class=\"e-con-inner\">\n\t\t\t\t<div class=\"elementor-element elementor-element-f92be22 h1-banner elementor-widget elementor-widget-heading\" data-id=\"f92be22\" data-element_type=\"widget\" data-e-type=\"widget\" data-widget_type=\"heading.default\">\n\t\t\t\t\t<h1 class=\"elementor-heading-title elementor-size-default\"><span>Femina<\/span> Challenge<\/h1>\t\t\t\t<\/div>\n\t\t\t\t\t<\/div>\n\t\t\t\t<\/div>\n\t\t<div class=\"elementor-element elementor-element-70f3943 e-flex e-con-boxed e-con e-parent\" data-id=\"70f3943\" data-element_type=\"container\" data-e-type=\"container\">\n\t\t\t\t\t<div class=\"e-con-inner\">\n\t\t\t\t<div class=\"elementor-element elementor-element-6cf75a7 elementor-widget elementor-widget-heading\" data-id=\"6cf75a7\" data-element_type=\"widget\" data-e-type=\"widget\" data-widget_type=\"heading.default\">\n\t\t\t\t\t<h2 class=\"elementor-heading-title elementor-size-default\">Troph\u00e9e Transat Qu\u00e9bec\u2013Saint-Malo<\/h2>\t\t\t\t<\/div>\n\t\t\t\t<div class=\"elementor-element elementor-element-e8e0559 elementor-widget elementor-widget-heading\" data-id=\"e8e0559\" data-element_type=\"widget\" data-e-type=\"widget\" data-widget_type=\"heading.default\">\n\t\t\t\t\t<h3 class=\"elementor-heading-title elementor-size-default\">L\u00e0 o\u00f9 le courage prend la barre<\/h3>\t\t\t\t<\/div>\n\t\t\t\t<div class=\"elementor-element elementor-element-b004d13 elementor-widget elementor-widget-text-editor\" data-id=\"b004d13\" data-element_type=\"widget\" data-e-type=\"widget\" data-widget_type=\"text-editor.default\">\n\t\t\t\t\t\t\t\t\t<p>Il existe des comp\u00e9titions qui font battre le c\u0153ur un peu plus vite. Le <strong>FEMINA Challenge<\/strong>, cr\u00e9\u00e9 en 2022, en fait partie. Une \u00e9preuve n\u00e9e pour offrir aux navigatrices exp\u00e9riment\u00e9es un espace o\u00f9 d\u00e9passer ses limites, transformer la peur en puissance et laisser s\u2019exprimer toute la ma\u00eetrise du geste.<\/p><p>D\u00e8s ses d\u00e9buts, l\u2019\u00e9preuve rassemble, inspire, magn\u00e9tise. Les participantes doublent d\u00e8s la deuxi\u00e8me ann\u00e9e, pr\u00eates \u00e0 relever les d\u00e9fis techniques du vendredi et l\u2019intensit\u00e9 du parcours du samedi.<br \/>De cette effervescence est n\u00e9 le <strong>FEMINA Oc\u00e9an Challenge<\/strong>, une passerelle vers l\u2019un des r\u00eaves les plus ambitieux : pr\u00e9parer un \u00e9quipage 100 % f\u00e9minin \u00e0 affronter la <strong>Transat Qu\u00e9bec\u2013Saint-Malo<\/strong>.<\/p><p>Ici, les \u00e9quipages ne se battent pas seulement pour un troph\u00e9e.<br \/>Ils se battent pour ce qu\u2019il repr\u00e9sente : le <strong>Troph\u00e9e Transat Qu\u00e9bec\u2013Saint-Malo<\/strong>, symbole d\u2019audace, de pers\u00e9v\u00e9rance et de grandeur sur le fleuve.<\/p><p>En <strong>2025<\/strong>, l\u2019histoire s\u2019enrichit d\u2019une <strong>navigation de nuit<\/strong>, un d\u00e9part \u00e0 <strong>23 h<\/strong>, le fleuve noir d\u2019encre, les voiles blanches sous la lune\u2026 un moment suspendu entre intensit\u00e9 et immenses possibles.<\/p><p>Et d\u00e9j\u00e0, <strong>l\u2019\u00e9dition 2026 s\u2019annonce comme un nouveau tournant<\/strong>, une \u00e9dition o\u00f9 la barre sera encore une fois rehauss\u00e9e, o\u00f9 de nouveaux d\u00e9fis viendront r\u00e9v\u00e9ler le plein potentiel des \u00e9quipages.<\/p><p>Du <strong>2 au 5 juillet 2026<\/strong>, vivez une \u00e9preuve qui marque, qui \u00e9l\u00e8ve, qui transforme.<\/p>\t\t\t\t\t\t\t\t<\/div>\n\t\t\t\t\t<\/div>\n\t\t\t\t<\/div>\n\t\t<div class=\"elementor-element elementor-element-9cfacdb e-flex e-con-boxed e-con e-parent\" data-id=\"9cfacdb\" data-element_type=\"container\" data-e-type=\"container\" data-settings=\"{&quot;background_background&quot;:&quot;classic&quot;}\">\n\t\t\t\t\t<div class=\"e-con-inner\">\n\t\t\t\t<div class=\"elementor-element elementor-element-f398be7 elementor-widget elementor-widget-heading\" data-id=\"f398be7\" data-element_type=\"widget\" data-e-type=\"widget\" data-widget_type=\"heading.default\">\n\t\t\t\t\t<h2 class=\"elementor-heading-title elementor-size-default\">Le FEMINA Challenge n\u2019est pas seulement une comp\u00e9tition<\/h2>\t\t\t\t<\/div>\n\t\t<div class=\"elementor-element elementor-element-07934b3 e-con-full e-flex e-con e-child\" data-id=\"07934b3\" data-element_type=\"container\" data-e-type=\"container\">\n\t\t\t\t<div class=\"elementor-element elementor-element-47dae9e elementor-widget elementor-widget-heading\" data-id=\"47dae9e\" data-element_type=\"widget\" data-e-type=\"widget\" data-widget_type=\"heading.default\">\n\t\t\t\t\t<p class=\"elementor-heading-title elementor-size-default\">C\u2019est une rencontre entre le courage, la mer\u2026 et ce que vous \u00eates vraiment.<\/p>\t\t\t\t<\/div>\n\t\t\t\t<div class=\"elementor-element elementor-element-6268181 btn-rotate elementor-align-right elementor-mobile-align-center elementor-widget elementor-widget-button\" data-id=\"6268181\" data-element_type=\"widget\" data-e-type=\"widget\" data-widget_type=\"button.default\">\n\t\t\t\t\t\t\t\t\t\t<a class=\"elementor-button elementor-button-link elementor-size-sm\" href=\"https:\/\/www.coupe-femina.com\/en\/inscription\/\">\n\t\t\t\t\t\t<span class=\"elementor-button-content-wrapper\">\n\t\t\t\t\t\t<span class=\"elementor-button-icon\">\n\t\t\t\t<svg xmlns=\"http:\/\/www.w3.org\/2000\/svg\" style=\"\" viewBox=\"73 48.27 26.73 26.73\"><g transform=\"translate(73 75) rotate(-90)\" style=\"\"><path d=\"M0,2.877,19.728,22.6H2.055v4.11h24.66V2.055H22.6V19.728L2.877,0Z\"><\/path><\/g><\/svg>\t\t\t<\/span>\n\t\t\t\t\t\t\t\t\t<span class=\"elementor-button-text\">Je m'inscris<\/span>\n\t\t\t\t\t<\/span>\n\t\t\t\t\t<\/a>\n\t\t\t\t\t\t\t\t<\/div>\n\t\t\t\t<\/div>\n\t\t<div class=\"elementor-element elementor-element-cfa8d75 e-con-full e-flex e-con e-child\" data-id=\"cfa8d75\" data-element_type=\"container\" data-e-type=\"container\" data-settings=\"{&quot;background_background&quot;:&quot;classic&quot;}\">\n\t\t\t\t<\/div>\n\t\t\t\t\t<\/div>\n\t\t\t\t<\/div>\n\t\t<div class=\"elementor-element elementor-element-1557f04 e-flex e-con-boxed e-con e-parent\" data-id=\"1557f04\" data-element_type=\"container\" data-e-type=\"container\">\n\t\t\t\t\t<div class=\"e-con-inner\">\n\t\t\t\t<div class=\"elementor-element elementor-element-f7222df elementor-widget elementor-widget-heading\" data-id=\"f7222df\" data-element_type=\"widget\" data-e-type=\"widget\" data-widget_type=\"heading.default\">\n\t\t\t\t\t<h2 class=\"elementor-heading-title elementor-size-default\">Le FEMINA Challenge en images<\/h2>\t\t\t\t<\/div>\n\t\t\t\t<div class=\"elementor-element elementor-element-c244693 elementor-skin-slideshow carrousel-diaporama elementor-arrows-yes elementor-widget elementor-widget-media-carousel\" data-id=\"c244693\" data-element_type=\"widget\" data-e-type=\"widget\" data-settings=\"{&quot;skin&quot;:&quot;slideshow&quot;,&quot;slideshow_slides_per_view&quot;:&quot;4&quot;,&quot;slideshow_slides_per_view_laptop&quot;:&quot;4&quot;,&quot;slideshow_slides_per_view_tablet&quot;:&quot;3&quot;,&quot;slideshow_slides_per_view_mobile&quot;:&quot;2&quot;,&quot;space_between&quot;:{&quot;unit&quot;:&quot;px&quot;,&quot;size&quot;:50,&quot;sizes&quot;:[]},&quot;space_between_laptop&quot;:{&quot;unit&quot;:&quot;px&quot;,&quot;size&quot;:45,&quot;sizes&quot;:[]},&quot;space_between_tablet&quot;:{&quot;unit&quot;:&quot;px&quot;,&quot;size&quot;:35,&quot;sizes&quot;:[]},&quot;space_between_mobile&quot;:{&quot;unit&quot;:&quot;px&quot;,&quot;size&quot;:20,&quot;sizes&quot;:[]},&quot;effect&quot;:&quot;slide&quot;,&quot;show_arrows&quot;:&quot;yes&quot;,&quot;speed&quot;:500,&quot;loop&quot;:&quot;yes&quot;}\" data-widget_type=\"media-carousel.default\">\n\t\t\t\t\t\t\t\t\t\t<div class=\"elementor-main-swiper swiper\" role=\"region\" aria-roledescription=\"carousel\" aria-label=\"Diapositives\">\n\t\t\t\t<div class=\"swiper-wrapper\">\n\t\t\t\t\t\t\t\t\t\t\t<div class=\"swiper-slide\" role=\"group\" aria-roledescription=\"slide\">\n\t\t\t\t\t\t\t\t\t<div class=\"elementor-carousel-image\" role=\"img\" aria-label=\"Organisation - Galerie 3\" style=\"background-image: url(&#039;https:\/\/www.coupe-femina.com\/wp-content\/uploads\/2025\/10\/organisation-galerie-3.jpg&#039;)\">\n\n\t\t\t\n\t\t\t\t\t<\/div>\n\t\t\t\t\t\t\t\t<\/div>\n\t\t\t\t\t\t\t\t\t\t\t<div class=\"swiper-slide\" role=\"group\" aria-roledescription=\"slide\">\n\t\t\t\t\t\t\t\t\t<div class=\"elementor-carousel-image\" role=\"img\" aria-label=\"Challenge Galerie 3\" style=\"background-image: url(&#039;https:\/\/www.coupe-femina.com\/wp-content\/uploads\/2025\/11\/challenge-galerie-3.jpg&#039;)\">\n\n\t\t\t\n\t\t\t\t\t<\/div>\n\t\t\t\t\t\t\t\t<\/div>\n\t\t\t\t\t\t\t\t\t\t\t<div class=\"swiper-slide\" role=\"group\" aria-roledescription=\"slide\">\n\t\t\t\t\t\t\t\t\t<div class=\"elementor-carousel-image\" role=\"img\" aria-label=\"Challenge Galerie 4\" style=\"background-image: url(&#039;https:\/\/www.coupe-femina.com\/wp-content\/uploads\/2025\/11\/challenge-galerie-4.jpg&#039;)\">\n\n\t\t\t\n\t\t\t\t\t<\/div>\n\t\t\t\t\t\t\t\t<\/div>\n\t\t\t\t\t\t\t\t\t\t\t<div class=\"swiper-slide\" role=\"group\" aria-roledescription=\"slide\">\n\t\t\t\t\t\t\t\t\t<div class=\"elementor-carousel-image\" role=\"img\" aria-label=\"Challenge Galerie 5\" style=\"background-image: url(&#039;https:\/\/www.coupe-femina.com\/wp-content\/uploads\/2025\/11\/challenge-galerie-5.jpg&#039;)\">\n\n\t\t\t\n\t\t\t\t\t<\/div>\n\t\t\t\t\t\t\t\t<\/div>\n\t\t\t\t\t\t\t\t\t\t\t<div class=\"swiper-slide\" role=\"group\" aria-roledescription=\"slide\">\n\t\t\t\t\t\t\t\t\t<div class=\"elementor-carousel-image\" role=\"img\" aria-label=\"Challenge Galerie 6\" style=\"background-image: url(&#039;https:\/\/www.coupe-femina.com\/wp-content\/uploads\/2025\/11\/challenge-galerie-6.jpg&#039;)\">\n\n\t\t\t\n\t\t\t\t\t<\/div>\n\t\t\t\t\t\t\t\t<\/div>\n\t\t\t\t\t\t\t\t\t\t\t<div class=\"swiper-slide\" role=\"group\" aria-roledescription=\"slide\">\n\t\t\t\t\t\t\t\t\t<div class=\"elementor-carousel-image\" role=\"img\" aria-label=\"Challenge Galerie 7\" style=\"background-image: url(&#039;https:\/\/www.coupe-femina.com\/wp-content\/uploads\/2025\/11\/challenge-galerie-7.jpg&#039;)\">\n\n\t\t\t\n\t\t\t\t\t<\/div>\n\t\t\t\t\t\t\t\t<\/div>\n\t\t\t\t\t\t\t\t\t\t\t<div class=\"swiper-slide\" role=\"group\" aria-roledescription=\"slide\">\n\t\t\t\t\t\t\t\t\t<div class=\"elementor-carousel-image\" role=\"img\" aria-label=\"Challenge Galerie 8\" style=\"background-image: url(&#039;https:\/\/www.coupe-femina.com\/wp-content\/uploads\/2025\/11\/challenge-galerie-8.jpg&#039;)\">\n\n\t\t\t\n\t\t\t\t\t<\/div>\n\t\t\t\t\t\t\t\t<\/div>\n\t\t\t\t\t\t\t\t\t<\/div>\n\t\t\t\t\t\t\t\t\t\t\t\t\t\t\t<div class=\"elementor-swiper-button elementor-swiper-button-prev\" role=\"button\" tabindex=\"0\" aria-label=\"Previous\">\n\t\t\t\t\t\t\t<svg aria-hidden=\"true\" class=\"e-font-icon-svg e-eicon-chevron-left\" viewBox=\"0 0 1000 1000\" xmlns=\"http:\/\/www.w3.org\/2000\/svg\"><path d=\"M646 125C629 125 613 133 604 142L308 442C296 454 292 471 292 487 292 504 296 521 308 533L604 854C617 867 629 875 646 875 663 875 679 871 692 858 704 846 713 829 713 812 713 796 708 779 692 767L438 487 692 225C700 217 708 204 708 187 708 171 704 154 692 142 675 129 663 125 646 125Z\"><\/path><\/svg>\t\t\t\t\t\t<\/div>\n\t\t\t\t\t\t<div class=\"elementor-swiper-button elementor-swiper-button-next\" role=\"button\" tabindex=\"0\" aria-label=\"Next\">\n\t\t\t\t\t\t\t<svg aria-hidden=\"true\" class=\"e-font-icon-svg e-eicon-chevron-right\" viewBox=\"0 0 1000 1000\" xmlns=\"http:\/\/www.w3.org\/2000\/svg\"><path d=\"M696 533C708 521 713 504 713 487 713 471 708 454 696 446L400 146C388 133 375 125 354 125 338 125 325 129 313 142 300 154 292 171 292 187 292 204 296 221 308 233L563 492 304 771C292 783 288 800 288 817 288 833 296 850 308 863 321 871 338 875 354 875 371 875 388 867 400 854L696 533Z\"><\/path><\/svg>\t\t\t\t\t\t<\/div>\n\t\t\t\t\t\t\t\t\t\t\t\t\t\t\t\t\t<\/div>\n\t\t\t\t\t\t\t\t\t<div class=\"elementor-main-swiper swiper elementor-thumbnails-swiper swiper\" role=\"region region\" aria-roledescription=\"carousel carousel\" aria-label=\"Diapositives Diapositives\">\n\t\t\t\t<div class=\"swiper-wrapper\">\n\t\t\t\t\t\t\t\t\t\t\t<div class=\"swiper-slide\" role=\"group\" aria-roledescription=\"slide\">\n\t\t\t\t\t\t\t\t\t<div class=\"elementor-carousel-image\" role=\"img\" aria-label=\"Organisation - Galerie 3\" style=\"background-image: url(&#039;https:\/\/www.coupe-femina.com\/wp-content\/uploads\/2025\/10\/organisation-galerie-3.jpg&#039;)\">\n\n\t\t\t\n\t\t\t\t\t<\/div>\n\t\t\t\t\t\t\t\t<\/div>\n\t\t\t\t\t\t\t\t\t\t\t<div class=\"swiper-slide\" role=\"group\" aria-roledescription=\"slide\">\n\t\t\t\t\t\t\t\t\t<div class=\"elementor-carousel-image\" role=\"img\" aria-label=\"Challenge Galerie 3\" style=\"background-image: url(&#039;https:\/\/www.coupe-femina.com\/wp-content\/uploads\/2025\/11\/challenge-galerie-3.jpg&#039;)\">\n\n\t\t\t\n\t\t\t\t\t<\/div>\n\t\t\t\t\t\t\t\t<\/div>\n\t\t\t\t\t\t\t\t\t\t\t<div class=\"swiper-slide\" role=\"group\" aria-roledescription=\"slide\">\n\t\t\t\t\t\t\t\t\t<div class=\"elementor-carousel-image\" role=\"img\" aria-label=\"Challenge Galerie 4\" style=\"background-image: url(&#039;https:\/\/www.coupe-femina.com\/wp-content\/uploads\/2025\/11\/challenge-galerie-4.jpg&#039;)\">\n\n\t\t\t\n\t\t\t\t\t<\/div>\n\t\t\t\t\t\t\t\t<\/div>\n\t\t\t\t\t\t\t\t\t\t\t<div class=\"swiper-slide\" role=\"group\" aria-roledescription=\"slide\">\n\t\t\t\t\t\t\t\t\t<div class=\"elementor-carousel-image\" role=\"img\" aria-label=\"Challenge Galerie 5\" style=\"background-image: url(&#039;https:\/\/www.coupe-femina.com\/wp-content\/uploads\/2025\/11\/challenge-galerie-5.jpg&#039;)\">\n\n\t\t\t\n\t\t\t\t\t<\/div>\n\t\t\t\t\t\t\t\t<\/div>\n\t\t\t\t\t\t\t\t\t\t\t<div class=\"swiper-slide\" role=\"group\" aria-roledescription=\"slide\">\n\t\t\t\t\t\t\t\t\t<div class=\"elementor-carousel-image\" role=\"img\" aria-label=\"Challenge Galerie 6\" style=\"background-image: url(&#039;https:\/\/www.coupe-femina.com\/wp-content\/uploads\/2025\/11\/challenge-galerie-6.jpg&#039;)\">\n\n\t\t\t\n\t\t\t\t\t<\/div>\n\t\t\t\t\t\t\t\t<\/div>\n\t\t\t\t\t\t\t\t\t\t\t<div class=\"swiper-slide\" role=\"group\" aria-roledescription=\"slide\">\n\t\t\t\t\t\t\t\t\t<div class=\"elementor-carousel-image\" role=\"img\" aria-label=\"Challenge Galerie 7\" style=\"background-image: url(&#039;https:\/\/www.coupe-femina.com\/wp-content\/uploads\/2025\/11\/challenge-galerie-7.jpg&#039;)\">\n\n\t\t\t\n\t\t\t\t\t<\/div>\n\t\t\t\t\t\t\t\t<\/div>\n\t\t\t\t\t\t\t\t\t\t\t<div class=\"swiper-slide\" role=\"group\" aria-roledescription=\"slide\">\n\t\t\t\t\t\t\t\t\t<div class=\"elementor-carousel-image\" role=\"img\" aria-label=\"Challenge Galerie 8\" style=\"background-image: url(&#039;https:\/\/www.coupe-femina.com\/wp-content\/uploads\/2025\/11\/challenge-galerie-8.jpg&#039;)\">\n\n\t\t\t\n\t\t\t\t\t<\/div>\n\t\t\t\t\t\t\t\t<\/div>\n\t\t\t\t\t\t\t\t\t<\/div>\n\t\t\t\t\t\t\t\t\t\t\t\t\t\t\t\t\t\t\t\t\t<\/div>\n\t\t\t\t\t\t\t\t<\/div>\n\t\t\t\t\t<\/div>\n\t\t\t\t<\/div>\n\t\t\t\t<\/div>\n\t\t","protected":false},"excerpt":{"rendered":"<p>Femina Challenge Troph\u00e9e Transat Qu\u00e9bec\u2013Saint-Malo L\u00e0 o\u00f9 le courage prend la barre Il existe des comp\u00e9titions qui font battre le c\u0153ur un peu plus vite. Le FEMINA Challenge, cr\u00e9\u00e9 en 2022, en fait partie. Une \u00e9preuve n\u00e9e pour offrir aux navigatrices exp\u00e9riment\u00e9es un espace o\u00f9 d\u00e9passer ses limites, transformer la peur en puissance et laisser &#8230; <a title=\"Femina Challenge\" class=\"read-more\" href=\"https:\/\/www.coupe-femina.com\/en\/organisation\/femina-challenge\/\" aria-label=\"Read more about Femina Challenge\">Read more<\/a><\/p>\n","protected":false},"author":1,"featured_media":0,"parent":83,"menu_order":0,"comment_status":"closed","ping_status":"closed","template":"","meta":{"_acf_changed":false,"_seopress_robots_primary_cat":"","_seopress_titles_title":"","_seopress_titles_desc":"","_seopress_robots_index":"","inline_featured_image":false,"footnotes":""},"class_list":["post-2063","page","type-page","status-publish"],"acf":[],"_links":{"self":[{"href":"https:\/\/www.coupe-femina.com\/en\/wp-json\/wp\/v2\/pages\/2063","targetHints":{"allow":["GET"]}}],"collection":[{"href":"https:\/\/www.coupe-femina.com\/en\/wp-json\/wp\/v2\/pages"}],"about":[{"href":"https:\/\/www.coupe-femina.com\/en\/wp-json\/wp\/v2\/types\/page"}],"author":[{"embeddable":true,"href":"https:\/\/www.coupe-femina.com\/en\/wp-json\/wp\/v2\/users\/1"}],"replies":[{"embeddable":true,"href":"https:\/\/www.coupe-femina.com\/en\/wp-json\/wp\/v2\/comments?post=2063"}],"version-history":[{"count":19,"href":"https:\/\/www.coupe-femina.com\/en\/wp-json\/wp\/v2\/pages\/2063\/revisions"}],"predecessor-version":[{"id":2674,"href":"https:\/\/www.coupe-femina.com\/en\/wp-json\/wp\/v2\/pages\/2063\/revisions\/2674"}],"up":[{"embeddable":true,"href":"https:\/\/www.coupe-femina.com\/en\/wp-json\/wp\/v2\/pages\/83"}],"wp:attachment":[{"href":"https:\/\/www.coupe-femina.com\/en\/wp-json\/wp\/v2\/media?parent=2063"}],"curies":[{"name":"wp","href":"https:\/\/api.w.org\/{rel}","templated":true}]}}